{"id":8,"date":"2023-05-11T12:39:22","date_gmt":"2023-05-11T10:39:22","guid":{"rendered":"https:\/\/gp-race.com\/blog\/?page_id=8"},"modified":"2023-07-18T15:12:17","modified_gmt":"2023-07-18T13:12:17","slug":"inicio","status":"publish","type":"page","link":"https:\/\/gp-race.com\/blog\/","title":{"rendered":"Inicio"},"content":{"rendered":"\t\t<div data-elementor-type=\"wp-page\" data-elementor-id=\"8\" class=\"elementor elementor-8\" data-elementor-post-type=\"page\">\n\t\t\t\t<div class=\"elementor-element elementor-element-b07f11d e-flex e-con-boxed e-con e-parent\" data-id=\"b07f11d\" data-element_type=\"container\">\n\t\t\t\t\t<div class=\"e-con-inner\">\n\t\t\t\t<div class=\"elementor-element elementor-element-7b2e135 elementor-grid-1 elementor-posts--thumbnail-left elementor-grid-tablet-1 elementor-grid-mobile-1 elementor-widget elementor-widget-posts\" data-id=\"7b2e135\" data-element_type=\"widget\" data-settings=\"{&quot;classic_columns&quot;:&quot;1&quot;,&quot;pagination_type&quot;:&quot;prev_next&quot;,&quot;classic_columns_tablet&quot;:&quot;1&quot;,&quot;classic_columns_mobile&quot;:&quot;1&quot;,&quot;classic_row_gap&quot;:{&quot;unit&quot;:&quot;px&quot;,&quot;size&quot;:35,&quot;sizes&quot;:[]},&quot;classic_row_gap_tablet&quot;:{&quot;unit&quot;:&quot;px&quot;,&quot;size&quot;:&quot;&quot;,&quot;sizes&quot;:[]},&quot;classic_row_gap_mobile&quot;:{&quot;unit&quot;:&quot;px&quot;,&quot;size&quot;:&quot;&quot;,&quot;sizes&quot;:[]}}\" data-widget_type=\"posts.classic\">\n\t\t\t\t<div class=\"elementor-widget-container\">\n\t\t\t<link rel=\"stylesheet\" href=\"https:\/\/gp-race.com\/blog\/wp-content\/plugins\/elementor-pro\/assets\/css\/widget-posts.min.css\">\t\t<div class=\"elementor-posts-container elementor-posts elementor-posts--skin-classic elementor-grid\">\n\t\t\t\t<article class=\"elementor-post elementor-grid-item post-395 post type-post status-publish format-standard has-post-thumbnail hentry category-baquets-simracing\">\n\t\t\t\t<a class=\"elementor-post__thumbnail__link\" href=\"https:\/\/gp-race.com\/blog\/simracing-guia-completa-para-entusiastas-y-profesionales\/\" tabindex=\"-1\" >\n\t\t\t<div class=\"elementor-post__thumbnail\"><img fetchpriority=\"high\" decoding=\"async\" width=\"768\" height=\"513\" src=\"https:\/\/gp-race.com\/blog\/wp-content\/uploads\/2024\/06\/closeup-shot-male-holding-his-motorcycle-helmet-with-blurred-distance-768x513.webp\" class=\"attachment-medium_large size-medium_large wp-image-399\" alt=\"\" srcset=\"https:\/\/gp-race.com\/blog\/wp-content\/uploads\/2024\/06\/closeup-shot-male-holding-his-motorcycle-helmet-with-blurred-distance-768x513.webp 768w, https:\/\/gp-race.com\/blog\/wp-content\/uploads\/2024\/06\/closeup-shot-male-holding-his-motorcycle-helmet-with-blurred-distance-300x200.webp 300w, https:\/\/gp-race.com\/blog\/wp-content\/uploads\/2024\/06\/closeup-shot-male-holding-his-motorcycle-helmet-with-blurred-distance-1024x683.webp 1024w, https:\/\/gp-race.com\/blog\/wp-content\/uploads\/2024\/06\/closeup-shot-male-holding-his-motorcycle-helmet-with-blurred-distance-1536x1025.webp 1536w, https:\/\/gp-race.com\/blog\/wp-content\/uploads\/2024\/06\/closeup-shot-male-holding-his-motorcycle-helmet-with-blurred-distance.webp 1798w\" sizes=\"(max-width: 768px) 100vw, 768px\" \/><\/div>\n\t\t<\/a>\n\t\t\t\t<div class=\"elementor-post__text\">\n\t\t\t\t<h2 class=\"elementor-post__title\">\n\t\t\t<a href=\"https:\/\/gp-race.com\/blog\/simracing-guia-completa-para-entusiastas-y-profesionales\/\" >\n\t\t\t\tSimRacing: gu\u00eda completa para entusiastas y profesionales\t\t\t<\/a>\n\t\t<\/h2>\n\t\t\t\t<div class=\"elementor-post__meta-data\">\n\t\t\t\t\t<span class=\"elementor-post-date\">\n\t\t\t21 de junio de 2024\t\t<\/span>\n\t\t\t\t<\/div>\n\t\t\t\t<div class=\"elementor-post__excerpt\">\n\t\t\t<p>El SimRacing ha emergido como una forma emocionante y accesible de experimentar las carreras de simulaci\u00f3n gaming desde cualquier lugar donde tengas ubicado tu setup: hogar, bungalow de vacaciones, puesto de trabajo \ud83d\ude09 Este fen\u00f3meno combina la pasi\u00f3n por el automovilismo con la tecnolog\u00eda avanzada de simulaci\u00f3n, permitiendo a los aficionados vivir la emoci\u00f3n de<\/p>\n\t\t<\/div>\n\t\t\t\t\t<div class=\"elementor-post__read-more-wrapper\">\n\t\t\n\t\t<a class=\"elementor-post__read-more\" href=\"https:\/\/gp-race.com\/blog\/simracing-guia-completa-para-entusiastas-y-profesionales\/\" aria-label=\"Read more about SimRacing: gu\u00eda completa para entusiastas y profesionales\" tabindex=\"-1\" >\n\t\t\tLeer m\u00e1s\t\t<\/a>\n\n\t\t\t\t\t<\/div>\n\t\t\t\t<\/div>\n\t\t\t\t<\/article>\n\t\t\t\t<article class=\"elementor-post elementor-grid-item post-389 post type-post status-publish format-standard has-post-thumbnail hentry category-baquets-simracing\">\n\t\t\t\t<a class=\"elementor-post__thumbnail__link\" href=\"https:\/\/gp-race.com\/blog\/cockpit-simracing-vision-global\/\" tabindex=\"-1\" >\n\t\t\t<div class=\"elementor-post__thumbnail\"><img decoding=\"async\" width=\"768\" height=\"366\" src=\"https:\/\/gp-race.com\/blog\/wp-content\/uploads\/2024\/06\/cockpit_simracing-768x366.jpg\" class=\"attachment-medium_large size-medium_large wp-image-393\" alt=\"\" srcset=\"https:\/\/gp-race.com\/blog\/wp-content\/uploads\/2024\/06\/cockpit_simracing-768x366.jpg 768w, https:\/\/gp-race.com\/blog\/wp-content\/uploads\/2024\/06\/cockpit_simracing-300x143.jpg 300w, https:\/\/gp-race.com\/blog\/wp-content\/uploads\/2024\/06\/cockpit_simracing.jpg 1024w\" sizes=\"(max-width: 768px) 100vw, 768px\" \/><\/div>\n\t\t<\/a>\n\t\t\t\t<div class=\"elementor-post__text\">\n\t\t\t\t<h2 class=\"elementor-post__title\">\n\t\t\t<a href=\"https:\/\/gp-race.com\/blog\/cockpit-simracing-vision-global\/\" >\n\t\t\t\tCockpit simracing: visi\u00f3n global\t\t\t<\/a>\n\t\t<\/h2>\n\t\t\t\t<div class=\"elementor-post__meta-data\">\n\t\t\t\t\t<span class=\"elementor-post-date\">\n\t\t\t20 de junio de 2024\t\t<\/span>\n\t\t\t\t<\/div>\n\t\t\t\t<div class=\"elementor-post__excerpt\">\n\t\t\t<p>Si eres un apasionado del simracing, sabes que la inmersi\u00f3n y el realismo son claves para una experiencia de carreras aut\u00e9ntica. M\u00e1s all\u00e1 de simplemente correr en tu juego de simracing preferido, se trata de sentir cada curva, de experimentar la cin\u00e9tica de la aceleraci\u00f3n y la frenada como si estuvieras pilotando un prototipo de<\/p>\n\t\t<\/div>\n\t\t\t\t\t<div class=\"elementor-post__read-more-wrapper\">\n\t\t\n\t\t<a class=\"elementor-post__read-more\" href=\"https:\/\/gp-race.com\/blog\/cockpit-simracing-vision-global\/\" aria-label=\"Read more about Cockpit simracing: visi\u00f3n global\" tabindex=\"-1\" >\n\t\t\tLeer m\u00e1s\t\t<\/a>\n\n\t\t\t\t\t<\/div>\n\t\t\t\t<\/div>\n\t\t\t\t<\/article>\n\t\t\t\t<article class=\"elementor-post elementor-grid-item post-384 post type-post status-publish format-standard has-post-thumbnail hentry category-baquets-simracing\">\n\t\t\t\t<a class=\"elementor-post__thumbnail__link\" href=\"https:\/\/gp-race.com\/blog\/silla-baquet-gaming\/\" tabindex=\"-1\" >\n\t\t\t<div class=\"elementor-post__thumbnail\"><img decoding=\"async\" width=\"768\" height=\"430\" src=\"https:\/\/gp-race.com\/blog\/wp-content\/uploads\/2024\/06\/silla-baquet-gamers-768x430.jpg\" class=\"attachment-medium_large size-medium_large wp-image-388\" alt=\"\" srcset=\"https:\/\/gp-race.com\/blog\/wp-content\/uploads\/2024\/06\/silla-baquet-gamers-768x430.jpg 768w, https:\/\/gp-race.com\/blog\/wp-content\/uploads\/2024\/06\/silla-baquet-gamers-300x168.jpg 300w, https:\/\/gp-race.com\/blog\/wp-content\/uploads\/2024\/06\/silla-baquet-gamers-1024x574.jpg 1024w, https:\/\/gp-race.com\/blog\/wp-content\/uploads\/2024\/06\/silla-baquet-gamers.jpg 1456w\" sizes=\"(max-width: 768px) 100vw, 768px\" \/><\/div>\n\t\t<\/a>\n\t\t\t\t<div class=\"elementor-post__text\">\n\t\t\t\t<h2 class=\"elementor-post__title\">\n\t\t\t<a href=\"https:\/\/gp-race.com\/blog\/silla-baquet-gaming\/\" >\n\t\t\t\tSilla baquet para gamers: racer gaming to the next level\t\t\t<\/a>\n\t\t<\/h2>\n\t\t\t\t<div class=\"elementor-post__meta-data\">\n\t\t\t\t\t<span class=\"elementor-post-date\">\n\t\t\t20 de junio de 2024\t\t<\/span>\n\t\t\t\t<\/div>\n\t\t\t\t<div class=\"elementor-post__excerpt\">\n\t\t\t<p>Si eres un gamer apasionado que vives tu afici\u00f3n no como un hobby para rellenar las horas sino que te pegas al volante y sientes la pista como si fueras un profesional de verdad, sabes que pasar largas horas frente al ordenador o la consola es una parte inevitable de tu d\u00eda a d\u00eda. Por<\/p>\n\t\t<\/div>\n\t\t\t\t\t<div class=\"elementor-post__read-more-wrapper\">\n\t\t\n\t\t<a class=\"elementor-post__read-more\" href=\"https:\/\/gp-race.com\/blog\/silla-baquet-gaming\/\" aria-label=\"Read more about Silla baquet para gamers: racer gaming to the next level\" tabindex=\"-1\" >\n\t\t\tLeer m\u00e1s\t\t<\/a>\n\n\t\t\t\t\t<\/div>\n\t\t\t\t<\/div>\n\t\t\t\t<\/article>\n\t\t\t\t<article class=\"elementor-post elementor-grid-item post-50 post type-post status-publish format-standard has-post-thumbnail hentry category-baquets-competicion\">\n\t\t\t\t<a class=\"elementor-post__thumbnail__link\" href=\"https:\/\/gp-race.com\/blog\/disena-tu-baquet-personalizado-con-gp-race-uniendo-personalizacion-y-confort\/\" tabindex=\"-1\" >\n\t\t\t<div class=\"elementor-post__thumbnail\"><img loading=\"lazy\" decoding=\"async\" width=\"768\" height=\"512\" src=\"https:\/\/gp-race.com\/blog\/wp-content\/uploads\/2023\/05\/baquets-personalizables-gp-race-768x512.webp\" class=\"attachment-medium_large size-medium_large wp-image-103\" alt=\"\" srcset=\"https:\/\/gp-race.com\/blog\/wp-content\/uploads\/2023\/05\/baquets-personalizables-gp-race-768x512.webp 768w, https:\/\/gp-race.com\/blog\/wp-content\/uploads\/2023\/05\/baquets-personalizables-gp-race-300x200.webp 300w, https:\/\/gp-race.com\/blog\/wp-content\/uploads\/2023\/05\/baquets-personalizables-gp-race-1024x683.webp 1024w, https:\/\/gp-race.com\/blog\/wp-content\/uploads\/2023\/05\/baquets-personalizables-gp-race-1536x1024.webp 1536w, https:\/\/gp-race.com\/blog\/wp-content\/uploads\/2023\/05\/baquets-personalizables-gp-race-jpg.webp 1920w\" sizes=\"(max-width: 768px) 100vw, 768px\" \/><\/div>\n\t\t<\/a>\n\t\t\t\t<div class=\"elementor-post__text\">\n\t\t\t\t<h2 class=\"elementor-post__title\">\n\t\t\t<a href=\"https:\/\/gp-race.com\/blog\/disena-tu-baquet-personalizado-con-gp-race-uniendo-personalizacion-y-confort\/\" >\n\t\t\t\tDise\u00f1a tu Baquet Personalizado con GP-Race: Uniendo Personalizaci\u00f3n y Confort\t\t\t<\/a>\n\t\t<\/h2>\n\t\t\t\t<div class=\"elementor-post__meta-data\">\n\t\t\t\t\t<span class=\"elementor-post-date\">\n\t\t\t11 de mayo de 2023\t\t<\/span>\n\t\t\t\t<\/div>\n\t\t\t\t<div class=\"elementor-post__excerpt\">\n\t\t\t<p>En GP-Race, sabemos que cada piloto es \u00fanico, con necesidades y preferencias propias. Por eso, adem\u00e1s de proporcionar baquets de alta calidad y rendimiento, ofrecemos la posibilidad de personalizarlos hasta el \u00faltimo detalle. As\u00ed, no solo te beneficias de las propiedades excepcionales de nuestros baquets, sino que tambi\u00e9n puedes conducir con un asiento que refleja<\/p>\n\t\t<\/div>\n\t\t\t\t\t<div class=\"elementor-post__read-more-wrapper\">\n\t\t\n\t\t<a class=\"elementor-post__read-more\" href=\"https:\/\/gp-race.com\/blog\/disena-tu-baquet-personalizado-con-gp-race-uniendo-personalizacion-y-confort\/\" aria-label=\"Read more about Dise\u00f1a tu Baquet Personalizado con GP-Race: Uniendo Personalizaci\u00f3n y Confort\" tabindex=\"-1\" >\n\t\t\tLeer m\u00e1s\t\t<\/a>\n\n\t\t\t\t\t<\/div>\n\t\t\t\t<\/div>\n\t\t\t\t<\/article>\n\t\t\t\t<article class=\"elementor-post elementor-grid-item post-55 post type-post status-publish format-standard has-post-thumbnail hentry category-baquets-simracing\">\n\t\t\t\t<a class=\"elementor-post__thumbnail__link\" href=\"https:\/\/gp-race.com\/blog\/baquet-simracing-de-gp-race-tu-mejor-aliado-en-iracing\/\" tabindex=\"-1\" >\n\t\t\t<div class=\"elementor-post__thumbnail\"><img loading=\"lazy\" decoding=\"async\" width=\"768\" height=\"432\" src=\"https:\/\/gp-race.com\/blog\/wp-content\/uploads\/2023\/04\/iracing-baquet-simulador-conduccion-768x432.webp\" class=\"attachment-medium_large size-medium_large wp-image-131\" alt=\"\" srcset=\"https:\/\/gp-race.com\/blog\/wp-content\/uploads\/2023\/04\/iracing-baquet-simulador-conduccion-768x432.webp 768w, https:\/\/gp-race.com\/blog\/wp-content\/uploads\/2023\/04\/iracing-baquet-simulador-conduccion-300x169.webp 300w, https:\/\/gp-race.com\/blog\/wp-content\/uploads\/2023\/04\/iracing-baquet-simulador-conduccion-1024x576.webp 1024w, https:\/\/gp-race.com\/blog\/wp-content\/uploads\/2023\/04\/iracing-baquet-simulador-conduccion-1536x864.webp 1536w, https:\/\/gp-race.com\/blog\/wp-content\/uploads\/2023\/04\/iracing-baquet-simulador-conduccion.webp 1920w\" sizes=\"(max-width: 768px) 100vw, 768px\" \/><\/div>\n\t\t<\/a>\n\t\t\t\t<div class=\"elementor-post__text\">\n\t\t\t\t<h2 class=\"elementor-post__title\">\n\t\t\t<a href=\"https:\/\/gp-race.com\/blog\/baquet-simracing-de-gp-race-tu-mejor-aliado-en-iracing\/\" >\n\t\t\t\tBaquet SimRacing de GP-Race: Tu Mejor Aliado en iRacing\t\t\t<\/a>\n\t\t<\/h2>\n\t\t\t\t<div class=\"elementor-post__meta-data\">\n\t\t\t\t\t<span class=\"elementor-post-date\">\n\t\t\t30 de abril de 2023\t\t<\/span>\n\t\t\t\t<\/div>\n\t\t\t\t<div class=\"elementor-post__excerpt\">\n\t\t\t<p>iRacing ha revolucionado el mundo del simracing con su incre\u00edble nivel de realismo y precisi\u00f3n. La plataforma, utilizada tanto por entusiastas de las carreras como por pilotos profesionales, permite experimentar la emoci\u00f3n de la competici\u00f3n desde la comodidad de tu hogar. En este entorno, donde cada detalle importa, un baquet simracing de calidad puede marcar<\/p>\n\t\t<\/div>\n\t\t\t\t\t<div class=\"elementor-post__read-more-wrapper\">\n\t\t\n\t\t<a class=\"elementor-post__read-more\" href=\"https:\/\/gp-race.com\/blog\/baquet-simracing-de-gp-race-tu-mejor-aliado-en-iracing\/\" aria-label=\"Read more about Baquet SimRacing de GP-Race: Tu Mejor Aliado en iRacing\" tabindex=\"-1\" >\n\t\t\tLeer m\u00e1s\t\t<\/a>\n\n\t\t\t\t\t<\/div>\n\t\t\t\t<\/div>\n\t\t\t\t<\/article>\n\t\t\t\t<article class=\"elementor-post elementor-grid-item post-44 post type-post status-publish format-standard has-post-thumbnail hentry category-baquets-simracing\">\n\t\t\t\t<a class=\"elementor-post__thumbnail__link\" href=\"https:\/\/gp-race.com\/blog\/laoreet-non-curabitur-gravida-arcu-ac\/\" tabindex=\"-1\" >\n\t\t\t<div class=\"elementor-post__thumbnail\"><img loading=\"lazy\" decoding=\"async\" width=\"768\" height=\"432\" src=\"https:\/\/gp-race.com\/blog\/wp-content\/uploads\/2023\/05\/baquets-simracing-gp-race-768x432.webp\" class=\"attachment-medium_large size-medium_large wp-image-116\" alt=\"\" srcset=\"https:\/\/gp-race.com\/blog\/wp-content\/uploads\/2023\/05\/baquets-simracing-gp-race-768x432.webp 768w, https:\/\/gp-race.com\/blog\/wp-content\/uploads\/2023\/05\/baquets-simracing-gp-race-300x169.webp 300w, https:\/\/gp-race.com\/blog\/wp-content\/uploads\/2023\/05\/baquets-simracing-gp-race-1024x576.webp 1024w, https:\/\/gp-race.com\/blog\/wp-content\/uploads\/2023\/05\/baquets-simracing-gp-race-jpg.webp 1536w\" sizes=\"(max-width: 768px) 100vw, 768px\" \/><\/div>\n\t\t<\/a>\n\t\t\t\t<div class=\"elementor-post__text\">\n\t\t\t\t<h2 class=\"elementor-post__title\">\n\t\t\t<a href=\"https:\/\/gp-race.com\/blog\/laoreet-non-curabitur-gravida-arcu-ac\/\" >\n\t\t\t\tBaquets SimRacing de GP-Race: Elevando la Experiencia de Simulaci\u00f3n a Nuevas Alturas\t\t\t<\/a>\n\t\t<\/h2>\n\t\t\t\t<div class=\"elementor-post__meta-data\">\n\t\t\t\t\t<span class=\"elementor-post-date\">\n\t\t\t29 de marzo de 2023\t\t<\/span>\n\t\t\t\t<\/div>\n\t\t\t\t<div class=\"elementor-post__excerpt\">\n\t\t\t<p>Convi\u00e9rtete en el piloto que siempre so\u00f1aste ser desde la comodidad de tu hogar con los baquets SimRacing de GP-Race. Dise\u00f1ados con precisi\u00f3n y fabricados con los materiales m\u00e1s duraderos, nuestros asientos de simulaci\u00f3n proporcionan la m\u00e1xima inmersi\u00f3n y comodidad, llevando tu experiencia de SimRacing al siguiente nivel. Baquets SimRacing: El Puente entre el Piloto<\/p>\n\t\t<\/div>\n\t\t\t\t\t<div class=\"elementor-post__read-more-wrapper\">\n\t\t\n\t\t<a class=\"elementor-post__read-more\" href=\"https:\/\/gp-race.com\/blog\/laoreet-non-curabitur-gravida-arcu-ac\/\" aria-label=\"Read more about Baquets SimRacing de GP-Race: Elevando la Experiencia de Simulaci\u00f3n a Nuevas Alturas\" tabindex=\"-1\" >\n\t\t\tLeer m\u00e1s\t\t<\/a>\n\n\t\t\t\t\t<\/div>\n\t\t\t\t<\/div>\n\t\t\t\t<\/article>\n\t\t\t\t<\/div>\n\t\t\n\t\t\t\t<\/div>\n\t\t\t\t<\/div>\n\t\t\t\t\t<\/div>\n\t\t\t\t<\/div>\n\t\t\t\t<\/div>\n\t\t","protected":false},"excerpt":{"rendered":"","protected":false},"author":1,"featured_media":0,"parent":0,"menu_order":0,"comment_status":"closed","ping_status":"closed","template":"elementor_theme","meta":{"_seopress_robots_primary_cat":"","_seopress_titles_title":"","_seopress_titles_desc":"","_seopress_robots_index":"","_seopress_analysis_target_kw":"","site-sidebar-layout":"right-sidebar","site-content-layout":"plain-container","ast-site-content-layout":"","site-content-style":"default","site-sidebar-style":"default","ast-global-header-display":"","ast-banner-title-visibility":"","ast-main-header-display":"","ast-hfb-above-header-display":"","ast-hfb-below-header-display":"","ast-hfb-mobile-header-display":"","site-post-title":"disabled","ast-breadcrumbs-content":"","ast-featured-img":"disabled","footer-sml-layout":"","theme-transparent-header-meta":"disabled","adv-header-id-meta":"","stick-header-meta":"default","header-above-stick-meta":"","header-main-stick-meta":"","header-below-stick-meta":"","astra-migrate-meta-layouts":"default","ast-page-background-enabled":"default","ast-page-background-meta":{"desktop":{"background-color":"var(--ast-global-color-4)","background-image":"","background-repeat":"repeat","background-position":"center center","background-size":"auto","background-attachment":"scroll","background-type":"","background-media":"","overlay-type":"","overlay-color":"","overlay-opacity":"","overlay-gradient":""},"tablet":{"background-color":"","background-image":"","background-repeat":"repeat","background-position":"center center","background-size":"auto","background-attachment":"scroll","background-type":"","background-media":"","overlay-type":"","overlay-color":"","overlay-opacity":"","overlay-gradient":""},"mobile":{"background-color":"","background-image":"","background-repeat":"repeat","background-position":"center center","background-size":"auto","background-attachment":"scroll","background-type":"","background-media":"","overlay-type":"","overlay-color":"","overlay-opacity":"","overlay-gradient":""}},"ast-content-background-meta":{"desktop":{"background-color":"var(--ast-global-color-5)","background-image":"","background-repeat":"repeat","background-position":"center center","background-size":"auto","background-attachment":"scroll","background-type":"","background-media":"","overlay-type":"","overlay-color":"","overlay-opacity":"","overlay-gradient":""},"tablet":{"background-color":"var(--ast-global-color-5)","background-image":"","background-repeat":"repeat","background-position":"center center","background-size":"auto","background-attachment":"scroll","background-type":"","background-media":"","overlay-type":"","overlay-color":"","overlay-opacity":"","overlay-gradient":""},"mobile":{"background-color":"var(--ast-global-color-5)","background-image":"","background-repeat":"repeat","background-position":"center center","background-size":"auto","background-attachment":"scroll","background-type":"","background-media":"","overlay-type":"","overlay-color":"","overlay-opacity":"","overlay-gradient":""}},"footnotes":""},"class_list":["post-8","page","type-page","status-publish","hentry"],"_links":{"self":[{"href":"https:\/\/gp-race.com\/blog\/wp-json\/wp\/v2\/pages\/8","targetHints":{"allow":["GET"]}}],"collection":[{"href":"https:\/\/gp-race.com\/blog\/wp-json\/wp\/v2\/pages"}],"about":[{"href":"https:\/\/gp-race.com\/blog\/wp-json\/wp\/v2\/types\/page"}],"author":[{"embeddable":true,"href":"https:\/\/gp-race.com\/blog\/wp-json\/wp\/v2\/users\/1"}],"replies":[{"embeddable":true,"href":"https:\/\/gp-race.com\/blog\/wp-json\/wp\/v2\/comments?post=8"}],"version-history":[{"count":50,"href":"https:\/\/gp-race.com\/blog\/wp-json\/wp\/v2\/pages\/8\/revisions"}],"predecessor-version":[{"id":372,"href":"https:\/\/gp-race.com\/blog\/wp-json\/wp\/v2\/pages\/8\/revisions\/372"}],"wp:attachment":[{"href":"https:\/\/gp-race.com\/blog\/wp-json\/wp\/v2\/media?parent=8"}],"curies":[{"name":"wp","href":"https:\/\/api.w.org\/{rel}","templated":true}]}}